{"id":3086,"date":"2014-02-22T11:47:15","date_gmt":"2014-02-22T04:47:15","guid":{"rendered":"https:\/\/www.saokim.com.vn\/blog\/?page_id=3086"},"modified":"2022-04-15T03:34:45","modified_gmt":"2022-04-15T03:34:45","slug":"profile-catalogue-brochure","status":"publish","type":"page","link":"https:\/\/www.saokim.com.vn\/blog\/download\/profile-catalogue-brochure\/","title":{"rendered":"Profile &#8211; catalogue &#8211; brochure"},"content":{"rendered":"\t\t<div data-elementor-type=\"wp-page\" data-elementor-id=\"3086\" class=\"elementor elementor-3086\" data-elementor-post-type=\"page\">\n\t\t\t\t\t\t<section class=\"elementor-section elementor-top-section elementor-element elementor-element-85af17e elementor-section-boxed elementor-section-height-default elementor-section-height-default\" data-id=\"85af17e\" data-element_type=\"section\">\n\t\t\t\t\t\t<div class=\"elementor-container elementor-column-gap-default\">\n\t\t\t\t\t<div class=\"elementor-column elementor-col-100 elementor-top-column elementor-element elementor-element-34cabd6\" data-id=\"34cabd6\" data-element_type=\"column\">\n\t\t\t<div class=\"elementor-widget-wrap elementor-element-populated\">\n\t\t\t\t\t\t<div class=\"elementor-element elementor-element-ddad762 elementor-widget elementor-widget-heading\" data-id=\"ddad762\" data-element_type=\"widget\" data-widget_type=\"heading.default\">\n\t\t\t\t<div class=\"elementor-widget-container\">\n\t\t\t<style>\/*! elementor - v3.20.0 - 13-03-2024 *\/\n.elementor-heading-title{padding:0;margin:0;line-height:1}.elementor-widget-heading .elementor-heading-title[class*=elementor-size-]>a{color:inherit;font-size:inherit;line-height:inherit}.elementor-widget-heading .elementor-heading-title.elementor-size-small{font-size:15px}.elementor-widget-heading .elementor-heading-title.elementor-size-medium{font-size:19px}.elementor-widget-heading .elementor-heading-title.elementor-size-large{font-size:29px}.elementor-widget-heading .elementor-heading-title.elementor-size-xl{font-size:39px}.elementor-widget-heading .elementor-heading-title.elementor-size-xxl{font-size:59px}<\/style><h2 class=\"elementor-heading-title elementor-size-default\">Download m\u1eabu thi\u1ebft k\u1ebf Profile, Catalogue, Brochure<\/h2>\t\t<\/div>\n\t\t\t\t<\/div>\n\t\t\t\t\t<\/div>\n\t\t<\/div>\n\t\t\t\t\t<\/div>\n\t\t<\/section>\n\t\t\t\t<section class=\"elementor-section elementor-top-section elementor-element elementor-element-4c4c3aa9 elementor-section-boxed elementor-section-height-default elementor-section-height-default\" data-id=\"4c4c3aa9\" data-element_type=\"section\">\n\t\t\t\t\t\t<div class=\"elementor-container elementor-column-gap-default\">\n\t\t\t\t\t<div class=\"elementor-column elementor-col-100 elementor-top-column elementor-element elementor-element-20c108d5\" data-id=\"20c108d5\" data-element_type=\"column\">\n\t\t\t<div class=\"elementor-widget-wrap elementor-element-populated\">\n\t\t\t\t\t\t<div class=\"elementor-element elementor-element-3c4a1be3 elementor-widget elementor-widget-shortcode\" data-id=\"3c4a1be3\" data-element_type=\"widget\" data-widget_type=\"shortcode.default\">\n\t\t\t\t<div class=\"elementor-widget-container\">\n\t\t\t\t\t<style>\n\t\t\t.dlgroup .round td,.dlgroup .odd td{\n\t\t\t\tpadding: 15px 10px;\n\t\t\t}\n\n\t\t\t.dlgroup .dltitle{\n\t\t\t\ttext-transform: none;\n\t\t\t\tmargin-top: 0;\n\t\t\t\tmargin-bottom: 20px;\n\t\t\t}\n\t\t\t.dlgroup .dldesc{\n\n\t\t\t}\n\t\t\t.dlgroup .dlbutton{\n\t\t\t\tbackground-color:#fdb813;\n\t\t\t\tcolor: #000;\n\t\t\t\tdisplay: block;\n\t\t\t\ttext-decoration: none;\n\t\t\t\ttext-transform: uppercase;\n\t\t\t}\n\n\t\t\t.dlgroup .dlbutton:hover{\n\t\t\t\tbackground-color: #fecf5e;\n\t\t\t\tcolor: #000;\n\t\t\t\ttext-decoration: none;\n\t\t\t}\n\t\t\t.dlgroup .dlbutton.dlenable{\n\t\t\t\tbackground-color: #27BA50;\n\t\t\t\tcolor: #fff;\n\t\t\t}\n\t\t\t.dlgroup .dlbutton.dlenable:hover{\n\t\t\t\tbackground-color: #fecf5e;\n\t\t\t\tcolor: #fff;\n\t\t\t}\n\n\t\t\t.navigation{\n\t\t\t\ttext-align: center;\n\t\t\t\tmargin-top: 20px;\n\t\t\t\tborder-top:#eee solid 1px;\n\t\t\t}\n\t\t\t.navigation .page-numbers{\n\t\t\t\tdisplay: inline-block;\n\t\t\t\tpadding: 2px 10px;\n\t\t\t\tbackground-color:#eee;\n\t\t\t\tcolor: #000;\n\t\t\t\ttext-decoration: none;\n\t\t\t}\n\t\t\t.navigation .page-numbers.current{\n\t\t\t\tbackground-color: #fdb813;\n\t\t\t}\n\t\t\t.navigation .page-numbers:hover{\n\t\t\t\tbackground-color: #fdb813;\n\t\t\t}\n\t\t<\/style>\n\t\t<div class=\"dlgroup\" id=\"dlgroup_1688818802\">\n\t\t\t\t <p class=\"lead\">T\u1ea1i \u0111\u00e2y b\u1ea1n c\u00f3 th\u1ec3 download h\u00e0ng tr\u0103m m\u1eabu thi\u1ebft k\u1ebf profile chuy\u00ean nghi\u1ec7p, thi\u1ebft k\u1ebf brochure s\u00e1ng t\u1ea1o, hay c\u00e1c m\u1eabu catalogue \u0111\u1eb9p do Sao Kim thi\u1ebft k\u1ebf. (77)<\/p>\n\t\t\t\t<table width=\"100%\" cellpadding=\"4\" cellspacing=\"0\">\n\t\t\t<thead>\n\t\t\t\t<tr>\n\t\t\t\t\t<th colspan=\"2\">Title<\/th>\n\t\t\t\t\t<th width=\"100\" style=\"text-align:center;\">Download<\/th>\n\t\t\t\t<\/tr>\n\t\t\t<\/thead>\n\t\t\t<tbody>\n\t\t\t\t\t\t<tr class=\"round\">\n\t\t\t\t\t<td width=\"40\"><span class=\"dlicon\"><\/span><\/td>\n\t\t\t\t \t<td algin=\"left\">\n\t\t\t\t \t\t<h3 class=\"dltitle\">M\u1eabu thi\u1ebft k\u1ebf profile C\u00f4ng ty B\u0110S Viettel<\/h3>\n\t\t\t\t \t\t<div class=\"dldesc\">Tham kh\u1ea3o m\u1eabu thi\u1ebft k\u1ebf h\u1ed3 s\u01a1 n\u0103ng l\u1ef1c cho C\u00f4ng ty B\u1ea5t \u0110\u1ed9ng s\u1ea3n Viettel do Sao Kim th\u1ef1c hi\u1ec7n. Profile c\u00f3 dung l\u01b0\u1ee3ng 16 trang, song ng\u1eef Anh - Vi\u1ec7t.<\/div>\n\t\t\t\t \t<\/td>\n\t\t\t\t    <td style=\"text-align:center;width:150px;\"><a href=\"https:\/\/app.box.com\/s\/r78nunks9mp21ggr5kru\" target=\"_blank\" rel=\"nofollow\" class=\"dlbutton dlenable\"> T\u1ea3i v\u1ec1 ngay <\/a><\/td>\n\t\t\t\t<\/tr>\n\t\t\t\t\t\t\t\t<tr class=\"odd\">\n\t\t\t\t\t<td width=\"40\"><span class=\"dlicon\"><\/span><\/td>\n\t\t\t\t \t<td algin=\"left\">\n\t\t\t\t \t\t<h3 class=\"dltitle\">M\u1eabu thi\u1ebft k\u1ebf brochure d\u1ef1 \u00e1n b\u1ea5t \u0111\u1ed9ng s\u1ea3n Gold Palace<\/h3>\n\t\t\t\t \t\t<div class=\"dldesc\">M\u1eabu thi\u1ebft k\u1ebf brochure d\u1ef1 \u00e1n b\u1ea5t \u0111\u1ed9ng s\u1ea3n - chung c\u01b0 cao c\u1ea5p Gold Palace do Sao Kim th\u1ef1c hi\u1ec7n cho T\u1ed5ng C\u00f4ng ty HUD3. Brochure c\u00f3 dung l\u01b0\u1ee3ng 12 trang, ti\u1ebfng Vi\u1ec7t.<\/div>\n\t\t\t\t \t<\/td>\n\t\t\t\t    <td style=\"text-align:center;width:150px;\"><a href=\"https:\/\/app.box.com\/s\/hviylnh3xqysdd2e97l1\" target=\"_blank\" rel=\"nofollow\" class=\"dlbutton dlenable\"> T\u1ea3i v\u1ec1 ngay <\/a><\/td>\n\t\t\t\t<\/tr>\n\t\t\t\t\t\t\t\t<tr class=\"round\">\n\t\t\t\t\t<td width=\"40\"><span class=\"dlicon\"><\/span><\/td>\n\t\t\t\t \t<td algin=\"left\">\n\t\t\t\t \t\t<h3 class=\"dltitle\">M\u1eabu thi\u1ebft k\u1ebf brochure Tr\u01b0\u1eddng \u0110\u1ea1i H\u1ecdc Ng\u00e2n h\u00e0ng Th\u00e0nh Ph\u1ed1 H\u1ed3 Ch\u00ed Minh<\/h3>\n\t\t\t\t \t\t<div class=\"dldesc\">M\u1eabu thi\u1ebft k\u1ebf brochure Tr\u01b0\u1eddng \u0110\u1ea1i H\u1ecdc Ng\u00e2n h\u00e0ng Th\u00e0nh Ph\u1ed1 H\u1ed3 Ch\u00ed Minh do Sao Kim th\u1ef1c hi\u1ec7n. Brochure c\u00f3 dung l\u01b0\u1ee3ng 10 trang, ti\u1ebfng vi\u1ec7t<\/div>\n\t\t\t\t \t<\/td>\n\t\t\t\t    <td style=\"text-align:center;width:150px;\"><a href=\"https:\/\/app.box.com\/s\/q2e0djajyd3zh7hlka5q\" target=\"_blank\" rel=\"nofollow\" class=\"dlbutton dlenable\"> T\u1ea3i v\u1ec1 ngay <\/a><\/td>\n\t\t\t\t<\/tr>\n\t\t\t\t\t\t\t\t<tr class=\"odd\">\n\t\t\t\t\t<td width=\"40\"><span class=\"dlicon\"><\/span><\/td>\n\t\t\t\t \t<td algin=\"left\">\n\t\t\t\t \t\t<h3 class=\"dltitle\">M\u1eabu thi\u1ebft k\u1ebf profile C\u00f4ng ty x\u00e2y d\u1ef1ng H\u1ed3ng H\u00e0<\/h3>\n\t\t\t\t \t\t<div class=\"dldesc\">M\u1eabu thi\u1ebft k\u1ebf profile C\u00f4ng ty x\u00e2y d\u1ef1ng H\u1ed3ng H\u00e0 do Sao Kim th\u1ef1c hi\u1ec7n. Profile c\u00f3 dung l\u01b0\u1ee3ng 20 trang ti\u1ebfng vi\u1ec7t<\/div>\n\t\t\t\t \t<\/td>\n\t\t\t\t    <td style=\"text-align:center;width:150px;\"><a href=\"https:\/\/app.box.com\/s\/6671q1xyz5a55r7m63hp\" target=\"_blank\" rel=\"nofollow\" class=\"dlbutton dlenable\"> T\u1ea3i v\u1ec1 ngay <\/a><\/td>\n\t\t\t\t<\/tr>\n\t\t\t\t\t\t\t\t<tr class=\"round\">\n\t\t\t\t\t<td width=\"40\"><span class=\"dlicon\"><\/span><\/td>\n\t\t\t\t \t<td algin=\"left\">\n\t\t\t\t \t\t<h3 class=\"dltitle\">M\u1eabu thi\u1ebft k\u1ebf profile C\u00f4ng ty c\u01a1 kh\u00ed Minh H\u1ea3i<\/h3>\n\t\t\t\t \t\t<div class=\"dldesc\">M\u1eabu thi\u1ebft k\u1ebf profile C\u00f4ng ty TNHH c\u01a1 kh\u00ed Minh H\u1ea3i do Sao Kim th\u1ef1c hi\u1ec7n. Profile c\u00f3 dung l\u01b0\u1ee3ng 10 trang, ti\u1ebfng vi\u1ec7t<\/div>\n\t\t\t\t \t<\/td>\n\t\t\t\t    <td style=\"text-align:center;width:150px;\"><a href=\"https:\/\/app.box.com\/s\/ph28tlkskgohsxlsielf\" target=\"_blank\" rel=\"nofollow\" class=\"dlbutton dlenable\"> T\u1ea3i v\u1ec1 ngay <\/a><\/td>\n\t\t\t\t<\/tr>\n\t\t\t\t\t\t\t\t<tr class=\"odd\">\n\t\t\t\t\t<td width=\"40\"><span class=\"dlicon\"><\/span><\/td>\n\t\t\t\t \t<td algin=\"left\">\n\t\t\t\t \t\t<h3 class=\"dltitle\">M\u1eabu thi\u1ebft k\u1ebf profile C\u00f4ng ty thi\u1ebft b\u1ecb c\u00f4ng ngh\u1ec7 S\u01a1n C\u01b0\u01a1ng<\/h3>\n\t\t\t\t \t\t<div class=\"dldesc\">M\u1eabu thi\u1ebft k\u1ebf profile C\u00f4ng ty TNHH c\u00f4ng ngh\u1ec7 - thi\u1ebft b\u1ecb S\u01a1n C\u01b0\u01a1ng do Sao Kim th\u1ef1c hi\u1ec7n. Profile c\u00f3 dung l\u01b0\u1ee3ng 10 trang, ti\u1ebfng vi\u1ec7t<\/div>\n\t\t\t\t \t<\/td>\n\t\t\t\t    <td style=\"text-align:center;width:150px;\"><a href=\"https:\/\/app.box.com\/s\/4t4dkdy3tduutfm1th93\" target=\"_blank\" rel=\"nofollow\" class=\"dlbutton dlenable\"> T\u1ea3i v\u1ec1 ngay <\/a><\/td>\n\t\t\t\t<\/tr>\n\t\t\t\t\t\t\t\t<tr class=\"round\">\n\t\t\t\t\t<td width=\"40\"><span class=\"dlicon\"><\/span><\/td>\n\t\t\t\t \t<td algin=\"left\">\n\t\t\t\t \t\t<h3 class=\"dltitle\">M\u1eabu thi\u1ebft k\u1ebf profile C\u00f4ng ty v\u1eadt li\u1ec7u x\u00e2y d\u1ef1ng B\u01b0u \u0110i\u1ec7n<\/h3>\n\t\t\t\t \t\t<div class=\"dldesc\">M\u1eabu thi\u1ebft k\u1ebf profile C\u00f4ng ty c\u1ed5 ph\u1ea7n v\u1eadt li\u1ec7u x\u00e2y d\u1ef1ng B\u01b0u \u0110i\u1ec7n do Sao Kim th\u1ef1c hi\u1ec7n. Profile c\u00f3 dung l\u01b0\u1ee3ng 4 trang, ti\u1ebfng vi\u1ec7t<\/div>\n\t\t\t\t \t<\/td>\n\t\t\t\t    <td style=\"text-align:center;width:150px;\"><a href=\"https:\/\/app.box.com\/s\/39l0fwi8yr63l5xxv1y7\" target=\"_blank\" rel=\"nofollow\" class=\"dlbutton dlenable\"> T\u1ea3i v\u1ec1 ngay <\/a><\/td>\n\t\t\t\t<\/tr>\n\t\t\t\t\t\t\t\t<tr class=\"odd\">\n\t\t\t\t\t<td width=\"40\"><span class=\"dlicon\"><\/span><\/td>\n\t\t\t\t \t<td algin=\"left\">\n\t\t\t\t \t\t<h3 class=\"dltitle\">M\u1eabu thi\u1ebft k\u1ebf profile C\u00f4ng ty g\u1ed1m \u0110\u1ea5t Vi\u1ec7t<\/h3>\n\t\t\t\t \t\t<div class=\"dldesc\">M\u1eabu thi\u1ebft k\u1ebf profile C\u00f4ng ty c\u1ed5 ph\u1ea7n g\u1ed1m \u0110\u1ea5t Vi\u1ec7t do Sao Kim th\u1ef1c hi\u1ec7n. Profile c\u00f3 dung l\u01b0\u1ee3ng 93 trang, song ng\u1eef Anh - Vi\u1ec7t<\/div>\n\t\t\t\t \t<\/td>\n\t\t\t\t    <td style=\"text-align:center;width:150px;\"><a href=\"https:\/\/app.box.com\/s\/e203slpcavk4b5mgk961\" target=\"_blank\" rel=\"nofollow\" class=\"dlbutton dlenable\"> T\u1ea3i v\u1ec1 ngay <\/a><\/td>\n\t\t\t\t<\/tr>\n\t\t\t\t\t\t\t\t<tr class=\"round\">\n\t\t\t\t\t<td width=\"40\"><span class=\"dlicon\"><\/span><\/td>\n\t\t\t\t \t<td algin=\"left\">\n\t\t\t\t \t\t<h3 class=\"dltitle\">M\u1eabu thi\u1ebft k\u1ebf profile c\u00f4ng ty d\u1ea7u kh\u00ed PVSB<\/h3>\n\t\t\t\t \t\t<div class=\"dldesc\">M\u1eabu thi\u1ebft k\u1ebf profile C\u00f4ng ty c\u1ed5 ph\u1ea7n \u0111\u1ea7u t\u01b0 d\u1ea7u kh\u00ed Sao Mai - B\u1ebfn \u0110\u00ecnh ( PVSB ) do Sao Kim th\u1ef1c hi\u1ec7n. Profile c\u00f3 dung l\u01b0\u1ee3ng 12 trang, song ng\u1eef Anh - Vi\u1ec7t<\/div>\n\t\t\t\t \t<\/td>\n\t\t\t\t    <td style=\"text-align:center;width:150px;\"><a href=\"https:\/\/app.box.com\/s\/dhntneftp5m37wapgn5u\" target=\"_blank\" rel=\"nofollow\" class=\"dlbutton dlenable\"> T\u1ea3i v\u1ec1 ngay <\/a><\/td>\n\t\t\t\t<\/tr>\n\t\t\t\t\t\t\t\t<tr class=\"odd\">\n\t\t\t\t\t<td width=\"40\"><span class=\"dlicon\"><\/span><\/td>\n\t\t\t\t \t<td algin=\"left\">\n\t\t\t\t \t\t<h3 class=\"dltitle\">M\u1eabu thi\u1ebft k\u1ebf profile c\u00f4ng ty d\u1ea7u kh\u00ed PVSB<\/h3>\n\t\t\t\t \t\t<div class=\"dldesc\">M\u1eabu thi\u1ebft k\u1ebf profile C\u00f4ng ty c\u1ed5 ph\u1ea7n \u0111\u1ea7u t\u01b0 d\u1ea7u kh\u00ed Sao Mai - B\u1ebfn \u0110\u00ecnh ( PVSB ) do Sao Kim th\u1ef1c hi\u1ec7n. Profile c\u00f3 dung l\u01b0\u1ee3ng 12 trang, song ng\u1eef Anh - Vi\u1ec7t<\/div>\n\t\t\t\t \t<\/td>\n\t\t\t\t    <td style=\"text-align:center;width:150px;\"><a href=\"https:\/\/app.box.com\/s\/5om3z9wimrca619pvyqv\" target=\"_blank\" rel=\"nofollow\" class=\"dlbutton dlenable\"> T\u1ea3i v\u1ec1 ngay <\/a><\/td>\n\t\t\t\t<\/tr>\n\t\t\t\t\t\t<\/tbody><\/table>\n\t\t\t\t<div class=\"navigation\">\n\t\t<span aria-current=\"page\" class=\"page-numbers current\">1<\/span>\n<a class=\"page-numbers\" href=\"https:\/\/www.saokim.com.vn\/blog\/wp-json\/wp\/v2\/pages\/3086\/page\/2\/\">2<\/a>\n<a class=\"page-numbers\" href=\"https:\/\/www.saokim.com.vn\/blog\/wp-json\/wp\/v2\/pages\/3086\/page\/3\/\">3<\/a>\n<a class=\"page-numbers\" href=\"https:\/\/www.saokim.com.vn\/blog\/wp-json\/wp\/v2\/pages\/3086\/page\/4\/\">4<\/a>\n<a class=\"page-numbers\" href=\"https:\/\/www.saokim.com.vn\/blog\/wp-json\/wp\/v2\/pages\/3086\/page\/5\/\">5<\/a>\n<a class=\"page-numbers\" href=\"https:\/\/www.saokim.com.vn\/blog\/wp-json\/wp\/v2\/pages\/3086\/page\/6\/\">6<\/a>\n<span class=\"page-numbers dots\">&hellip;<\/span>\n<a class=\"page-numbers\" href=\"https:\/\/www.saokim.com.vn\/blog\/wp-json\/wp\/v2\/pages\/3086\/page\/8\/\">8<\/a>\n<a class=\"next page-numbers\" href=\"https:\/\/www.saokim.com.vn\/blog\/wp-json\/wp\/v2\/pages\/3086\/page\/2\/\">Trang sau &raquo;<\/a>\t\t<\/div>\n\t\t<div class=\"clearfix\"><\/div>\n\t\t<\/div> <!-- End of download section -->\n\t\t\t<style>\n\t\t.contactdownload{\n\t\t    position: fixed;\n\t\t    top: 50%;\n\t\t    left: 50%;\n\t\t    width: 550px;\n\t\t    height: 400px;\n\t\t    max-width: 100%;\n\t\t    overflow-y: auto;\n\t\t    -webkit-transform:       translate(-50%, -50%);\n\t\t    -moz-transform:      translate(-50%, -50%);\n\t\t    -ms-transform:       translate(-50%, -50%);\n\t\t    -o-transform:        translate(-50%, -50%);\n\t\t    padding: 15px 15px;\n\t\t    border: #ccc solid 1px;\n\t\t    z-index: 9999;\n\t\t    background-color: #fff;\n\t\t}\n\t\t.contactdownload .text{\n\t\t    width: 100%;\n\t\t    border: #ccc solid 1px;\n\t\t    padding: 3px 5px;\n\t\t}\n\t\t.contactdownload .closedownload{\n\t\t    display: block;\n\t\t    text-align: right;\n\t\t    font-weight: bold;\n\t\t    font-size: 24px;\n\t\t}\n\t\t.bgdownload{\n\t\t    position: fixed;\n\t\t    top: 0;\n\t\t    left: 0;\n\t\t    width: 100%;\n\t\t    height: 100%;\n\t\t    z-index: 8888;\n\t\t    background-color: rgba(0,0,0,.3);\n\t\t}    \n\t\t<\/style>\n\t\n\t<style>\n\t\t.dlicon{\n           display: inline-block;\n           width: 32px;\n           height: 32px;\n           background: url(\"https:\/\/www.saokim.com.vn\/blog\/wp-content\/plugins\/saokimdownload\/images\/file_extension_pdf.png\");\n\t\t}\n\t<\/style>\n\t\n\t <script>\n\t\tfunction doDownload(download_id,download_title,target_id){\n\t\t    window.open(atob(download_id));\n\t\t}\n\n\t\tfunction contact2DownloadForm(){\n\t\t    if(!jQuery('#contactdownload-1688818802').length){\n\t\t        var bgdownload = jQuery('<div id=\"bgdownload-1688818802\" class=\"bgdownload\"><\/div>'); \/\/background\n\t\t        jQuery('body').append(bgdownload);\n\n\t\t        var contactdownload = jQuery('<div id=\"contactdownload-1688818802\" class=\"contactdownload\" style=\"display:block;\" ><\/div>');\n\t\t        contactdownload.append('<a href=\"javascript:;\" onclick=\"javascript:closedownload()\" class=\"closedownload\"> &times; <\/a>');\n\n\t\t        contactdownload.append('<p>\u0110\u1ec3 t\u1ea3i t\u00e0i li\u1ec7u n\u00e0y Qu\u00fd kh\u00e1ch vui l\u00f2ng cung c\u1ea5p m\u1ed9t s\u1ed1 th\u00f4ng tin d\u01b0\u1edbi \u0111\u00e2y:<\/p> <p><input type=\"text\" name=\"your-name-1688818802\" class=\"text\" id=\"your-name-1688818802\" placeholder=\"H\u1ecd t\u00ean (*)\"><\/p>');\n\t\t        contactdownload.append('<p><input type=\"email\" class=\"text\" name=\"your-email-1688818802\" id=\"your-email-1688818802\" placeholder=\"Email (*)\"><\/p>');\n\t\t        contactdownload.append('<p><input type=\"text\" class=\"text\" name=\"your-phone-1688818802\" id=\"your-phone-1688818802\" placeholder=\"\u0110i\u1ec7n tho\u1ea1i (*)\"><\/p>');\n\t\t        contactdownload.append('<p><input type=\"text\" class=\"text\" name=\"your-company-1688818802\" id=\"your-company-1688818802\" placeholder=\"C\u00f4ng ty (*)\"><\/p>');\n\t\t        \n\n\t\t        \/* NHAN TU VAN?*\/\n            \tvar onclick1 = \"if(this.checked) this.value='yes';else this.value='no'; \";\n\n            \tcontactdownload.append('<p><label><input type=\"checkbox\" name=\"receive-consultant-1688818802\" id=\"receive-consultant-1688818802\" checked value=\"yes\" onclick=\"'+onclick1+'\" > Nh\u1eadn th\u00eam t\u01b0 v\u1ea5n t\u1eeb chuy\u00ean gia t\u1ea1i Sao Kim<\/label>  <\/p>');\n\n\n\n\t\t        var onclick = \"jQuery('#your-region-1688818802').val(this.value);\";\n\n\t\t        contactdownload.append('<p>Qu\u00fd kh\u00e1ch mu\u1ed1n download t\u00e0i li\u1ec7u t\u1ea1i \u0111\u00e2u? (*):<br><label><input type=\"radio\" name=\"your-region-1688818802\" id=\"your-region-1-1688818802\" value=\"HN\" onclick=\"'+onclick+'\" > H\u00e0 N\u1ed9i<\/label>  &nbsp; <label><input type=\"radio\" name=\"your-region-1688818802\" id=\"your-region-2-1688818802\" value=\"HCM\" onclick=\"'+onclick+'\"> TP. HCM<\/label><\/p> <input type=\"hidden\" id=\"your-region-1688818802\" value=\"\" >');\n\t\t        contactdownload.append('<p><button class=\"btn btn-brand\" onclick=\"javascript:sendContactInfo();\">M\u1edf kh\u00f3a \u0111\u1ec3 t\u1ea3i c\u00e1c t\u00e0i li\u1ec7u <i class=\"fa fa-check\"><\/i><\/button> <span id=\"loading-1688818802\" style=\"display:none;\">Vui l\u00f2ng \u0111\u1ee3i 1 l\u00e1t...<\/span><\/p>');\n\n\t\t        jQuery('body').append(contactdownload);\n\t\t    }\n\t\t    jQuery('#contactdownload-1688818802').show();\n\t\t}\n\n\t\tfunction closedownload(){\n\t\t  if(jQuery('#contactdownload-1688818802').length){\n\t\t    jQuery('#contactdownload-1688818802').remove();\n\t\t    jQuery('#bgdownload-1688818802').remove();\n\t\t  }\n\t\t}\n\n\t\tfunction isEmail( text ){\n\t\t    var pattern = \"^[\\\\w-_\\.]*[\\\\w-_\\.]\\@[\\\\w]\\.+[\\\\w]+[\\\\w]$\";\n\t\t    var regex = new RegExp( pattern );\n\t\t    return regex.test( text );\n\t\t}\n\n\t\tfunction sendContactInfo(){\n\t\t    var your_name_1688818802 = jQuery('#your-name-1688818802').val();\n\t\t    var your_email_1688818802 = jQuery('#your-email-1688818802').val();\n\t\t    var your_phone_1688818802 = jQuery('#your-phone-1688818802').val();\n\t\t    var your_company_1688818802 = jQuery('#your-company-1688818802').val();\n\n\t\t    var current_url_1688818802 = 'http:\/\/www.saokim.com.vn\/blog\/wp-json\/wp\/v2\/pages\/3086';\n\n\t\t    \n\t\t    var receive_consultant_1688818802 = jQuery('#receive-consultant-1688818802').val();\n\n\t\t    var txt_1688818802 = '';\n\n            if(receive_consultant_1688818802 =='yes'){\n                txt_1688818802  = 'v\u00e0 [Nh\u1eadn th\u00eam t\u01b0 v\u1ea5n t\u1eeb chuy\u00ean gia t\u1ea1i Sao Kim]';\n            }\n            else{\n                txt_1688818802 = '';\n            }\n\n\n            var subject_1688818802 =  '[www.saokim.com.vn] Kh\u00e1ch h\u00e0ng '+your_name_1688818802+' v\u1eeba download t\u00e0i li\u1ec7u '+txt_1688818802;\n\n            var message_1688818802 = 'Qu\u00fd kh\u00e1ch <strong>'+your_name_1688818802+'<\/strong>  Download t\u00e0i li\u1ec7u '+txt_1688818802+'<br>';\n\n\n\t\t    var your_region_1688818802 = jQuery('#your-region-1688818802').val();\n\n\t\t    \/\/ Check to validate Form\n\t\t    var msg_1688818802 = \"\";\n\n\t\t    if(your_name_1688818802==''){\n\t\t        msg_1688818802 += 'Vui l\u00f2ng nh\u1eadp h\u1ecd t\u00ean c\u1ee7a Qu\u00fd kh\u00e1ch.\\n';\n\t\t    }\n\t\t    if(isEmail(your_email_1688818802) == false){\n\t\t        msg_1688818802 += 'Vui l\u00f2ng nh\u1eadp ch\u00ednh x\u00e1c Email c\u1ee7a Qu\u00fd kh\u00e1ch.\\n';\n\t\t    }\n\t\t    if(your_phone_1688818802 ==\"\"){\n\t\t        msg_1688818802 += 'Vui l\u00f2ng nh\u1eadp s\u1ed1 \u0111i\u1ec7n tho\u1ea1i c\u1ee7a Qu\u00fd kh\u00e1ch.\\n';\n\t\t    }\n\n\t\t    if(your_company_1688818802 ==\"\"){\n\t\t        msg_1688818802 += 'Vui l\u00f2ng nh\u1eadp t\u00ean c\u00f4ng ty\/doanh nghi\u1ec7p c\u1ee7a Qu\u00fd kh\u00e1ch.\\n';\n\t\t    }\n\n\t\t    if(your_region_1688818802 ==\"\"){\n\t\t        msg_1688818802 += 'Vui l\u00f2ng ch\u1ecdn khu v\u1ef1c Qu\u00fd kh\u00e1ch mu\u1ed1n download.\\n';\n\t\t    }\n\n\t\t    if(msg_1688818802){\n\t\t        alert(msg_1688818802);\n\t\t    }\n\t\t    else{\n\t\t        jQuery('#loading-1688818802').show();\n\n\t\t        \/\/ SEND TO CRM\n\t\t        var url_1688818802 = 'aHR0cDovL2NybS5zYW9raW0uY29tLnZuL2NvbnRhY3QucGhwPw==';\n\n\n\t\t        var data_email = {'action': 'saokimblog_download_email',\n                            'url':url_1688818802,\n                            'contact_title':encodeURIComponent(subject_1688818802),\n                            'contact_fullname':encodeURIComponent(your_name_1688818802),\n                            'contact_email':encodeURIComponent(your_email_1688818802),\n                            'contact_tel':encodeURIComponent(your_phone_1688818802),\n                            'contact_mobile':encodeURIComponent(your_phone_1688818802),\n                            'contact_company':encodeURIComponent(your_company_1688818802),\n                            'contact_address':encodeURIComponent(your_region_1688818802),\n                            'contact_region':encodeURIComponent(your_region_1688818802),\n                            'contact_content':encodeURIComponent(message_1688818802),\n                            'contact_referent':encodeURIComponent(current_url_1688818802),\n                            'can_del':'yes',\n                            'randomid':1688818802,\n                };\n\n\t            jQuery.post('https:\/\/www.saokim.com.vn\/blog\/wp-admin\/admin-ajax.php', data_email, function(response) {\n\t                \/\/ EMAIL\n\t                \/\/alert(response);\n\t            });\n\n\n\t\t        \/\/ajax set cookie\n\t\t        var data_1688818802 = {'action': 'saokim_download_manager_setcookie',\n\t\t                        'your_name':your_name_1688818802,\n\t\t                        'your_email':your_email_1688818802,\n\t\t                        'your_phone':your_phone_1688818802,\n\t\t                        'your_company':your_company_1688818802,\n\t\t                        'your_message':message_1688818802,\n\t\t                        'your_region':your_region_1688818802,\n\t\t                        'randomid':'1688818802',\n\t\t                };\n\t\t        jQuery.post('https:\/\/www.saokim.com.vn\/blog\/wp-admin\/admin-ajax.php', data_1688818802, function(response) {\n\t\t            \/\/ SET COOKIE DONE\n\t\t            jQuery(\"#loading-1688818802\").hide();\n\t\t            alert('M\u1edf kh\u00f3a th\u00e0nh c\u00f4ng! Qu\u00fd kh\u00e1ch vui l\u00f2ng click v\u00e0o t\u1eebng t\u00e0i li\u1ec7u \u0111\u1ec3 download v\u1ec1 m\u00e1y.');\n\t\t            jQuery('saokim-download-1688818802').hide();\n\t\t            \/\/ RELOAD PAGE\n\t\t            window.location.reload();\n\t\t        });\n\t\t    }\n\t\t}\n\n\t\t<\/script>\n\n\t\t\t<div class=\"elementor-shortcode\"><\/div>\n\t\t\t\t<\/div>\n\t\t\t\t<\/div>\n\t\t\t\t\t<\/div>\n\t\t<\/div>\n\t\t\t\t\t<\/div>\n\t\t<\/section>\n\t\t\t\t<\/div>\n\t\t","protected":false},"excerpt":{"rendered":"<p>Download m\u1eabu thi\u1ebft k\u1ebf Profile, Catalogue, Brochure<\/p>\n","protected":false},"author":67,"featured_media":0,"parent":3083,"menu_order":0,"comment_status":"closed","ping_status":"open","template":"elementor_header_footer","meta":{"_acf_changed":false,"footnotes":""},"class_list":["post-3086","page","type-page","status-publish","hentry"],"acf":[],"_links":{"self":[{"href":"https:\/\/www.saokim.com.vn\/blog\/wp-json\/wp\/v2\/pages\/3086","targetHints":{"allow":["GET"]}}],"collection":[{"href":"https:\/\/www.saokim.com.vn\/blog\/wp-json\/wp\/v2\/pages"}],"about":[{"href":"https:\/\/www.saokim.com.vn\/blog\/wp-json\/wp\/v2\/types\/page"}],"author":[{"embeddable":true,"href":"https:\/\/www.saokim.com.vn\/blog\/wp-json\/wp\/v2\/users\/67"}],"replies":[{"embeddable":true,"href":"https:\/\/www.saokim.com.vn\/blog\/wp-json\/wp\/v2\/comments?post=3086"}],"version-history":[{"count":0,"href":"https:\/\/www.saokim.com.vn\/blog\/wp-json\/wp\/v2\/pages\/3086\/revisions"}],"up":[{"embeddable":true,"href":"https:\/\/www.saokim.com.vn\/blog\/wp-json\/wp\/v2\/pages\/3083"}],"wp:attachment":[{"href":"https:\/\/www.saokim.com.vn\/blog\/wp-json\/wp\/v2\/media?parent=3086"}],"curies":[{"name":"wp","href":"https:\/\/api.w.org\/{rel}","templated":true}]}}