{"id":319904,"date":"2017-05-09T18:06:00","date_gmt":"2017-05-09T11:06:00","guid":{"rendered":"https:\/\/www.saokim.com.vn\/blog\/?page_id=319904"},"modified":"2017-12-07T22:58:22","modified_gmt":"2017-12-07T15:58:22","slug":"mau-ke-hoach-marketing-1-trang","status":"publish","type":"page","link":"https:\/\/www.saokim.com.vn\/blog\/download\/mau-ke-hoach-marketing-1-trang\/","title":{"rendered":"M\u1eabu k\u1ebf ho\u1ea1ch marketing 1 trang"},"content":{"rendered":"<p><img decoding=\"async\" src=\"https:\/\/www.saokim.com.vn\/blog\/wp-content\/uploads\/2017\/12\/Ebook-Banner-01.jpg\" alt=\"Download m\u1eabu K\u1ebf ho\u1ea1ch marketing tr\u00ean 1 tr\u1ea1ng\" width=\"100%\" \/><\/p>\n<p>&nbsp;<\/p>\n<p>&nbsp;<\/p>\n<blockquote>\n<figure id=\"attachment_319905\" aria-describedby=\"caption-attachment-319905\" style=\"width: 132px\" class=\"wp-caption alignright\"><a href=\"https:\/\/www.saokim.com.vn\/blog\/wp-content\/uploads\/2017\/05\/dotohoai.jpg\" rel=\"attachment wp-att-319905\"><img decoding=\"async\" class=\"wp-image-319905\" src=\"https:\/\/www.saokim.com.vn\/blog\/wp-content\/uploads\/2017\/05\/dotohoai.jpg\" alt=\"dotohoai\" width=\"132\" height=\"132\" srcset=\"https:\/\/www.saokim.com.vn\/blog\/wp-content\/uploads\/2017\/05\/dotohoai.jpg 960w, https:\/\/www.saokim.com.vn\/blog\/wp-content\/uploads\/2017\/05\/dotohoai-500x500.jpg 500w\" sizes=\"(max-width: 132px) 100vw, 132px\" \/><\/a><figcaption id=\"caption-attachment-319905\" class=\"wp-caption-text\">\u0110\u1ed7 T\u00f4 Ho\u00e0i, CEO, <strong>Iteko JSC\u00a0<\/strong><\/figcaption><\/figure>\n<p>Kh\u00f4ng ph\u1ea3i m\u1ea5t h\u00e0ng th\u00e1ng tr\u1eddi v\u1edbi bao n\u1ed7 l\u1ef1c v\u00e0 kh\u00f3 kh\u0103n \u0111\u1ec3 x\u00e2y d\u1ef1ng m\u1ed9t k\u1ebf ho\u1ea1ch marketing, gi\u1edd \u0111\u00e2y v\u1edbi M\u1eabu k\u1ebf ho\u1ea1ch marketing tr\u00ean 1 trang gi\u1ea5y, t\u00f4i \u0111\u00e3 l\u1eadp k\u1ebf ho\u1ea1ch marketing cho c\u00f4ng ty m\u00ecnh ch\u1ec9 trong v\u00f2ng 4h. T\u00f4i c\u00f3 th\u1ec3 th\u1eddi gian h\u00e0ng n\u0103m tr\u1eddi n\u1ebfu nh\u01b0 bi\u1ebft l\u00e0m cho m\u1ecdi th\u1ee9 tr\u1edf l\u00ean \u0111\u01a1n gi\u1ea3n v\u1eady.<\/p><\/blockquote>\n<div><\/div>\n<div><\/div>\n<div><\/div>\n<div><\/div>\n<p><strong>V\u1edaI K\u1ebe HO\u1ea0CH MARKETING TR\u00caN 1 TRANG S\u1ebc GI\u00daP B\u1ea0N:<\/strong><\/p>\n<ul>\n<li>Nhanh ch\u00f3ng b\u1eaft tay v\u00e0o vi\u1ec7c l\u1eadp k\u1ebf ho\u1ea1ch marketing<\/li>\n<li>Bi\u1ebft t\u1ea5t c\u1ea3 nh\u1eefng g\u00ec b\u1ea1n c\u1ea7n l\u00e0m trong b\u1ea3n k\u1ebf ho\u1ea1ch, kh\u00f4ng c\u00f2n b\u1ecb tr\u00ec ho\u00e3n b\u1edfi kh\u00f4ng bi\u1ebft b\u1eaft \u0111\u1ea7u t\u1eeb \u0111\u00e2u<\/li>\n<li>Ch\u1ec9 m\u1ea5t 04 gi\u1edd \u0111\u1ec3 ho\u00e0n t\u1ea5t k\u1ebf ho\u1ea1ch marketing thay v\u00ec h\u00e0ng th\u00e1ng tr\u1eddi v\u1eabn dang d\u1edf<\/li>\n<li>&#8211; Lo\u1ea1i b\u1ecf n\u1ed7i ng\u1ea1i ng\u00f9ng ph\u1ea3i vi\u1ebft b\u1ea3n k\u1ebf ho\u1ea1ch h\u00e0ng tr\u0103m trang v\u00ec gi\u1edd \u0111\u00e2y ch\u1ec9 c\u1ea7n th\u1ef1c hi\u1ec7n tr\u00ean 1 trang gi\u1ea5y<\/li>\n<li>K\u1ebf ho\u1ea1ch c\u1ee7a b\u1ea1n \u0111\u1ee7 ng\u1eafn g\u1ecdn \u0111\u1ec3 \u0111\u1eb7t ngay tr\u01b0\u1edbc m\u1eb7t b\u1ea1n, d\u00e1n tr\u00ean t\u01b0\u1eddng, tr\u00ean m\u00e0n h\u00ecnh m\u00e1y t\u00ednh hay g\u1eedi cho b\u1ea5t c\u1ee9 ai trong v\u00f2ng 1 n\u1ed1t nh\u1ea1c<\/li>\n<li>B\u1ea1n s\u1ebd theo d\u00f5i \u0111\u01b0\u1ee3c t\u1ea5t ti\u1ebfn tr\u00ecnh c\u00f4ng vi\u1ec7c, \u0111\u00e1nh gi\u00e1 \u0111\u01b0\u1ee3c ngay t\u1ee9c th\u00ec ti\u1ebfn tr\u00ecnh th\u1ef1c hi\u1ec7n k\u1ebf ho\u1ea1ch<\/li>\n<li>B\u1ea1n c\u00f3 th\u1ec3 \u00e1p d\u1ee5ng m\u1eabu k\u1ebf ho\u1ea1ch marketing 1 trang cho b\u1ea5t k\u1ef3 c\u00f4ng vi\u1ec7c n\u00e0o c\u1ea7n l\u1eadp k\u1ebf ho\u1ea1ch: k\u1ebf ho\u1ea1ch b\u00e1n h\u00e0ng, k\u1ebf ho\u1ea1ch nh\u00e2n s\u1ef1, k\u1ebf ho\u1ea1ch kinh doanh &#8230; TH\u1eacT TUY\u1ec6T PH\u1ea2I KH\u00d4NG?<\/li>\n<\/ul>\n<p style=\"text-align: center;\"><strong>T\u1ea2I NGAY K\u1ebe HO\u1ea0CH MARKETING TR\u00caN 1 TRANG GI\u1ea4Y<\/strong><\/p>\n<div style=\"text-align: center;\">\n<div class=\"wpcf7 no-js\" id=\"wpcf7-f319906-o1\" lang=\"vi\" dir=\"ltr\" data-wpcf7-id=\"319906\">\n<div class=\"screen-reader-response\"><p role=\"status\" aria-live=\"polite\" aria-atomic=\"true\"><\/p> <ul><\/ul><\/div>\n<form action=\"\/blog\/wp-json\/wp\/v2\/pages\/319904#wpcf7-f319906-o1\" method=\"post\" class=\"wpcf7-form init\" aria-label=\"Form li\u00ean h\u1ec7\" novalidate=\"novalidate\" data-status=\"init\">\n<fieldset class=\"hidden-fields-container\"><input type=\"hidden\" name=\"_wpcf7\" value=\"319906\" \/><input type=\"hidden\" name=\"_wpcf7_version\" value=\"6.1.1\" \/><input type=\"hidden\" name=\"_wpcf7_locale\" value=\"vi\" \/><input type=\"hidden\" name=\"_wpcf7_unit_tag\" value=\"wpcf7-f319906-o1\" \/><input type=\"hidden\" name=\"_wpcf7_container_post\" value=\"0\" \/><input type=\"hidden\" name=\"_wpcf7_posted_data_hash\" value=\"\" \/><input type=\"hidden\" name=\"_wpcf7dtx_version\" value=\"5.0.3\" \/><input type=\"hidden\" name=\"_wpcf7_recaptcha_response\" value=\"\" \/>\n<\/fieldset>\n<p>H\u1ecc T\u00caN\n<\/p>\n<p><span class=\"wpcf7-form-control-wrap\" data-name=\"your-name\"><input size=\"40\" maxlength=\"400\" class=\"wpcf7-form-control wpcf7-text wpcf7-validates-as-required\" aria-required=\"true\" aria-invalid=\"false\" value=\"\" type=\"text\" name=\"your-name\" \/><\/span>\n<\/p>\n<p>EMAIL\n<\/p>\n<p><span class=\"wpcf7-form-control-wrap\" data-name=\"your-email\"><input size=\"40\" maxlength=\"400\" class=\"wpcf7-form-control wpcf7-email wpcf7-validates-as-required wpcf7-text wpcf7-validates-as-email\" aria-required=\"true\" aria-invalid=\"false\" value=\"\" type=\"email\" name=\"your-email\" \/><\/span>\n<\/p>\n<p><input class=\"wpcf7-form-control wpcf7-submit has-spinner\" type=\"submit\" value=\"\u0110\u0102NG K\u00dd NH\u1eacN EBOOK\" \/>\n<\/p>\n<p><i>(Ebook s\u1ebd \u0111\u01b0\u1ee3c g\u1eedi t\u1edbi b\u1ea1n trong v\u00f2ng 1 gi\u1edd)<\/i>\n<\/p><div class=\"wpcf7-response-output\" aria-hidden=\"true\"><\/div>\n<\/form>\n<\/div>\n<\/div>\n","protected":false},"excerpt":{"rendered":"<p>&nbsp; &nbsp; Kh\u00f4ng ph\u1ea3i m\u1ea5t h\u00e0ng th\u00e1ng tr\u1eddi v\u1edbi bao n\u1ed7 l\u1ef1c v\u00e0 kh\u00f3 kh\u0103n \u0111\u1ec3 x\u00e2y d\u1ef1ng m\u1ed9t k\u1ebf ho\u1ea1ch marketing, gi\u1edd \u0111\u00e2y v\u1edbi M\u1eabu k\u1ebf ho\u1ea1ch marketing tr\u00ean 1 trang gi\u1ea5y, t\u00f4i \u0111\u00e3 l\u1eadp k\u1ebf ho\u1ea1ch marketing cho c\u00f4ng ty m\u00ecnh ch\u1ec9 trong v\u00f2ng 4h. T\u00f4i c\u00f3 th\u1ec3 th\u1eddi gian h\u00e0ng n\u0103m tr\u1eddi [&hellip;]<\/p>\n","protected":false},"author":67,"featured_media":0,"parent":3083,"menu_order":10,"comment_status":"closed","ping_status":"closed","template":"","meta":{"_acf_changed":false,"footnotes":""},"class_list":["post-319904","page","type-page","status-publish","hentry"],"acf":[],"_links":{"self":[{"href":"https:\/\/www.saokim.com.vn\/blog\/wp-json\/wp\/v2\/pages\/319904","targetHints":{"allow":["GET"]}}],"collection":[{"href":"https:\/\/www.saokim.com.vn\/blog\/wp-json\/wp\/v2\/pages"}],"about":[{"href":"https:\/\/www.saokim.com.vn\/blog\/wp-json\/wp\/v2\/types\/page"}],"author":[{"embeddable":true,"href":"https:\/\/www.saokim.com.vn\/blog\/wp-json\/wp\/v2\/users\/67"}],"replies":[{"embeddable":true,"href":"https:\/\/www.saokim.com.vn\/blog\/wp-json\/wp\/v2\/comments?post=319904"}],"version-history":[{"count":0,"href":"https:\/\/www.saokim.com.vn\/blog\/wp-json\/wp\/v2\/pages\/319904\/revisions"}],"up":[{"embeddable":true,"href":"https:\/\/www.saokim.com.vn\/blog\/wp-json\/wp\/v2\/pages\/3083"}],"wp:attachment":[{"href":"https:\/\/www.saokim.com.vn\/blog\/wp-json\/wp\/v2\/media?parent=319904"}],"curies":[{"name":"wp","href":"https:\/\/api.w.org\/{rel}","templated":true}]}}