{"id":321434,"date":"2018-03-02T17:50:51","date_gmt":"2018-03-02T10:50:51","guid":{"rendered":"https:\/\/www.saokim.com.vn\/blog\/?page_id=321434"},"modified":"2021-06-30T02:35:01","modified_gmt":"2021-06-30T02:35:01","slug":"tong-hop-mau-ke-hoach-marketing-tong-the-ke-hoach-kenh-facebook-seo-adwords","status":"publish","type":"page","link":"https:\/\/www.saokim.com.vn\/blog\/tong-hop-mau-ke-hoach-marketing-tong-the-ke-hoach-kenh-facebook-seo-adwords\/","title":{"rendered":"M\u1eabu k\u1ebf ho\u1ea1ch Marketing t\u1ed5ng th\u1ec3 (Facebook, SEO, Adwords)"},"content":{"rendered":"\n<div class=\"wp-block-image\"><figure class=\"aligncenter\"><img fetchpriority=\"high\" decoding=\"async\" width=\"1251\" height=\"626\" src=\"https:\/\/www.saokim.com.vn\/blog\/wp-content\/uploads\/2018\/03\/tong-hop-mau-ke-hoach-marketing.png\" alt=\"T\u1ed5ng h\u1ee3p m\u1eabu k\u1ebf ho\u1ea1ch Marketing\" class=\"wp-image-321435\" srcset=\"https:\/\/www.saokim.com.vn\/blog\/wp-content\/uploads\/2018\/03\/tong-hop-mau-ke-hoach-marketing.png 1251w, https:\/\/www.saokim.com.vn\/blog\/wp-content\/uploads\/2018\/03\/tong-hop-mau-ke-hoach-marketing-80x40.png 80w\" sizes=\"(max-width: 1251px) 100vw, 1251px\" \/><\/figure><\/div>\n\n\n\n<blockquote class=\"wp-block-quote is-layout-flow wp-block-quote-is-layout-flow\"><p>T\u00f4i \u0111\u00e3 c\u1ea5t c\u00f4ng t\u00ecm ki\u1ebfm b\u1ed9 K\u1ebf ho\u1ea1ch Marketing m\u1eabu t\u1eeb r\u1ea5t l\u00e2u \u0111\u1ec3 \u00e1p d\u1ee5ng cho doanh nghi\u1ec7p c\u1ee7a m\u00ecnh.<\/p><\/blockquote>\n\n\n\n<div class=\"wp-block-image wp-image-321436\"><figure class=\"alignright\"><img decoding=\"async\" width=\"80\" height=\"80\" src=\"https:\/\/www.saokim.com.vn\/blog\/wp-content\/uploads\/2018\/03\/yen-sao-tin-nghia-80x80.jpg\" alt=\"\" class=\"wp-image-321436\" srcset=\"https:\/\/www.saokim.com.vn\/blog\/wp-content\/uploads\/2018\/03\/yen-sao-tin-nghia-80x80.jpg 80w, https:\/\/www.saokim.com.vn\/blog\/wp-content\/uploads\/2018\/03\/yen-sao-tin-nghia.jpg 480w\" sizes=\"(max-width: 80px) 100vw, 80px\" \/><figcaption><strong>\u00d4ng Tu\u1ea5n<\/strong> &#8211; CEO Y\u1ebfn S\u00e0o T\u00edn Ngh\u0129a<\/figcaption><\/figure><\/div>\n\n\n\n<p>C\u1ea3m \u01a1n Sao Kim v\u00ec b\u1ed9 t\u00e0i li\u1ec7u r\u1ea5t \u0111\u1ea7y \u0111\u1ee7 v\u00e0 c\u00f3 th\u1ec3 \u00e1p d\u1ee5ng ngay nh\u01b0 th\u1ebf n\u00e0y. Th\u1ef1c s\u1ef1 ch\u00fang r\u1ea5t h\u1eefu \u00edch v\u1edbi doanh nghi\u1ec7p v\u1eeba v\u00e0 nh\u1ecf nh\u01b0 doanh nghi\u1ec7p c\u1ee7a t\u00f4i. T\u00f4i c\u00f3 th\u1ec3 ho\u00e0n th\u00e0nh b\u1ea3n k\u1ebf ho\u1ea1ch Marketing chi ti\u1ebft ch\u1ec9 trong 1h \u0111\u1ed3ng h\u1ed3, vi\u1ebft b\u00e0i chu\u1ea9n SEO, s\u00e1ng t\u1ea1o n\u1ed9i dung Facebook c\u1ef1c k\u1ef3 \u0111\u1ea7y \u0111\u1ee7 theo k\u1ebf ho\u1ea1ch \u0111\u1ecbnh s\u1eb5n v\u00e0 theo d\u00f5i s\u00e1t sao trong su\u1ed1t c\u1ea3 n\u0103m.<\/p>\n\n\n\n<p><strong>M\u1eaaU K\u1ebe HO\u1ea0CH MARKETING T\u1ed4NG H\u1ee2P &amp; CHIA NH\u1ece THEO K\u00caNH (FACEBOOK, SEO, ADWORDS) S\u1ebc GI\u00daP B\u1ea0N:<\/strong><\/p>\n\n\n\n<ul class=\"wp-block-list\"><li>R\u00fat ng\u1eafn t\u1ed1i \u0111a th\u1eddi gian l\u1eadp k\u1ebf ho\u1ea1ch Marketing t\u1ed5ng th\u1ec3 c\u00f2n 1h v\u00e0 qu\u1ea3n l\u00fd c\u00e1c k\u00eanh tri\u1ec3n khai<\/li><li>T\u1ed5ng h\u1ee3p c\u00e1c bi\u1ec3u m\u1eabu d\u1ea1ng excel \u0111\u1ec3 thi\u1ebft l\u1eadp k\u1ebf ho\u1ea1ch song song v\u1edbi t\u1ea1o KPI theo k\u00eanh, th\u1ed1ng nh\u1ea5t qu\u00e1 tr\u00ecnh tri\u1ec3n khai<\/li><li>Lo\u1ea1i b\u1ecf n\u1ed7i ng\u1ea1i ng\u00f9ng khi l\u1eadp k\u1ebf ho\u1ea1ch Marketing v\u00e0 d\u1ef1 to\u00e1n ng\u00e2n s\u00e1ch<\/li><li>\u00c1p d\u1ee5ng cho t\u1ea5t c\u1ea3 c\u00e1c ng\u00e0nh th\u01b0\u01a1ng m\u1ea1i \u0111i\u1ec7n t\u1eed, d\u1ec5 d\u00e0ng s\u1eed d\u1ee5ng.<\/li><li>B\u1ea1n s\u1ebd theo d\u00f5i \u0111\u01b0\u1ee3c t\u1ea5t ti\u1ebfn tr\u00ecnh c\u00f4ng vi\u1ec7c, \u0111\u00e1nh gi\u00e1 \u0111\u01b0\u1ee3c ngay t\u1ee9c th\u00ec ti\u1ebfn tr\u00ecnh th\u1ef1c hi\u1ec7n k\u1ebf ho\u1ea1ch<\/li><\/ul>\n\n\n\n<p>T\u1ea5t c\u1ea3 c\u00e1c v\u1ea5n \u0111\u1ec1 v\u1ec1 nh\u00e2n s\u1ef1, ng\u00e2n s\u00e1ch, KPI, ghi ch\u00fa v\u00e0 bi\u1ec5u m\u1eabu b\u00e1o c\u00e1o \u0111\u1ec1u n\u1eb1m t\u1ea1i b\u1ea3n t\u00e0i li\u1ec7u n\u00e0y, b\u1ea1n ch\u1ec9 c\u1ea7n download v\u00e0 <strong>\u1ee8NG D\u1ee4NG NGAY<\/strong> v\u00e0o c\u00f4ng vi\u1ec7c Marketing h\u00e0ng ng\u00e0y c\u1ee7a m\u00ecnh, ho\u1eb7c <strong>THI\u1ebeT L\u1eacP LU\u00d4N<\/strong> m\u1ed9t chi\u1ebfn d\u1ecbch m\u1edbi hi\u1ec7u qu\u1ea3.<\/p>\n\n\n\n<p class=\"has-text-align-center\"><strong>T\u1ea2I NGAY M\u1eaaU K\u1ebe HO\u1ea0CH MARKETING T\u1ed4NG TH\u1ec2 V\u00c0 K\u1ebe HO\u1ea0CH K\u00caNH<\/strong><\/p>\n\n\n\n<p class=\"has-text-align-center\"><div class=\"tve_content_lock tve_lock_hide tve_lead_lock\">\n                <div class=\"tve_lead_lock_shortcode\"><span style=\"display:none\" class=\"tl-placeholder-f-type-shortcode_321956\"><\/span><\/div>\n                <div class=\"tve_lead_locked_content\"><div class=\"tve_lead_locked_overlay\"><\/div>Hidden Content<\/div>\n            <\/div><\/p>\n\n\n\n<hr class=\"wp-block-separator\"\/>\n\n\n\n<p><strong>Follow c\u00e1c b\u00e0i vi\u1ebft ch\u1ea5t l\u01b0\u1ee3ng c\u1ee7a Sao Kim t\u1ea1i:&nbsp;<\/strong><\/p>\n\n\n\n<p><a href=\"https:\/\/www.saokim.com.vn\/blog\/\"><strong>Blog Sao Kim<\/strong><\/a>,&nbsp;<a href=\"https:\/\/www.saokim.com.vn\/cam-nang\/\"><strong>C\u1ea9m Nang Sao Kim<\/strong><\/a>&nbsp;<\/p>\n\n\n\n<p><strong>Facebook:<\/strong>&nbsp;<a rel=\"noreferrer noopener\" href=\"https:\/\/www.facebook.com\/saokimbranding\" target=\"_blank\"><strong>Sao Kim Branding<\/strong><\/a><\/p>\n\n\n\n<p><strong>Case study Behance<\/strong>:&nbsp;<a rel=\"noreferrer noopener\" href=\"https:\/\/www.behance.net\/saokimbranding\" target=\"_blank\"><strong>Sao Kim Branding<\/strong><\/a><\/p>\n\n\n\n<p>#SaoKim #SaoKimBranding #ThietKeLogo #Logo \u2750 Tham kh\u1ea3o th\u00eam: <a href=\"https:\/\/www.saokim.com.vn\/dich-vu\/dat-ten-thuong-hieu\/\" target=\"_blank\" rel=\"noreferrer noopener\">\u0111\u1eb7t t\u00ean s\u1ea3n ph\u1ea9m<\/a> , <a href=\"https:\/\/www.saokim.com.vn\/dich-vu\/dang-ky-ban-quyen-tac-gia-logo-nhan-hieu\/\" target=\"_blank\" rel=\"noreferrer noopener\">\u0111\u0103ng k\u00fd b\u1ea3n quy\u1ec1n logo<\/a> , <a href=\"https:\/\/www.saokim.com.vn\/dich-vu\/thiet-ke-website-dep\/\" target=\"_blank\" rel=\"noreferrer noopener\">Thi\u1ebft k\u1ebf web cao c\u1ea5p<\/a><\/p>\n","protected":false},"excerpt":{"rendered":"<p>T\u00f4i \u0111\u00e3 c\u1ea5t c\u00f4ng t\u00ecm ki\u1ebfm b\u1ed9 K\u1ebf ho\u1ea1ch Marketing m\u1eabu t\u1eeb r\u1ea5t l\u00e2u \u0111\u1ec3 \u00e1p d\u1ee5ng cho doanh nghi\u1ec7p c\u1ee7a m\u00ecnh. C\u1ea3m \u01a1n Sao Kim v\u00ec b\u1ed9 t\u00e0i li\u1ec7u r\u1ea5t \u0111\u1ea7y \u0111\u1ee7 v\u00e0 c\u00f3 th\u1ec3 \u00e1p d\u1ee5ng ngay nh\u01b0 th\u1ebf n\u00e0y. Th\u1ef1c s\u1ef1 ch\u00fang r\u1ea5t h\u1eefu \u00edch v\u1edbi doanh nghi\u1ec7p v\u1eeba v\u00e0 nh\u1ecf nh\u01b0 [&hellip;]<\/p>\n","protected":false},"author":44,"featured_media":0,"parent":0,"menu_order":11,"comment_status":"closed","ping_status":"closed","template":"","meta":{"_acf_changed":false,"footnotes":""},"class_list":["post-321434","page","type-page","status-publish","hentry"],"acf":[],"_links":{"self":[{"href":"https:\/\/www.saokim.com.vn\/blog\/wp-json\/wp\/v2\/pages\/321434","targetHints":{"allow":["GET"]}}],"collection":[{"href":"https:\/\/www.saokim.com.vn\/blog\/wp-json\/wp\/v2\/pages"}],"about":[{"href":"https:\/\/www.saokim.com.vn\/blog\/wp-json\/wp\/v2\/types\/page"}],"author":[{"embeddable":true,"href":"https:\/\/www.saokim.com.vn\/blog\/wp-json\/wp\/v2\/users\/44"}],"replies":[{"embeddable":true,"href":"https:\/\/www.saokim.com.vn\/blog\/wp-json\/wp\/v2\/comments?post=321434"}],"version-history":[{"count":0,"href":"https:\/\/www.saokim.com.vn\/blog\/wp-json\/wp\/v2\/pages\/321434\/revisions"}],"wp:attachment":[{"href":"https:\/\/www.saokim.com.vn\/blog\/wp-json\/wp\/v2\/media?parent=321434"}],"curies":[{"name":"wp","href":"https:\/\/api.w.org\/{rel}","templated":true}]}}